{"id":2,"date":"2018-08-07T14:31:20","date_gmt":"2018-08-07T14:31:20","guid":{"rendered":"http:\/\/www.heikkigraphy.fi\/?page_id=2"},"modified":"2021-02-01T19:22:38","modified_gmt":"2021-02-01T17:22:38","slug":"about","status":"publish","type":"page","link":"https:\/\/www.heikkigraphy.fi\/?page_id=2","title":{"rendered":"About"},"content":{"rendered":"<p>Moi!<\/p>\n<p>Olen Heikki Luoto. Olen toiminut p\u00e4\u00e4toimisena valokuvaajana vuodesta 2006.<\/p>\n<p>Paljon olen ehtinyt kokea valokuvauksen parissa, mutta enemm\u00e4n on viel\u00e4 kokematta.<\/p>\n<p>Rakastan valoa &#8211; rakastan varjoa.<\/p>\n<p>Haluan tehd\u00e4 sinulle loistavat kuvat.<\/p>\n<p>Vaikutan Helsingin alueella, mutta liikun joustavasti kaikkialle.<\/p>\n<p style=\"text-align: left;\">Ota yhteytt\u00e4 ja pyyd\u00e4 tarjousta.<\/p>\n<p><a href=\"tel:+358405201267\">0405201267<\/a><br \/><a href=\"mailto:heikki@heikkigraphy.fi\">heikki@heikkigraphy.fi<\/a><\/p>\n\n\n<figure class=\"wp-block-image\"><img data-recalc-dims=\"1\" loading=\"lazy\" decoding=\"async\" width=\"945\" height=\"531\" data-attachment-id=\"4163\" data-permalink=\"https:\/\/www.heikkigraphy.fi\/?attachment_id=4163\" data-orig-file=\"https:\/\/i0.wp.com\/www.heikkigraphy.fi\/wp-content\/uploads\/2019\/04\/IMG_6372.jpg?fit=3648%2C2047&amp;ssl=1\" data-orig-size=\"3648,2047\" data-comments-opened=\"0\" data-image-meta=\"{&quot;aperture&quot;:&quot;3.2&quot;,&quot;credit&quot;:&quot;&quot;,&quot;camera&quot;:&quot;Canon PowerShot G12&quot;,&quot;caption&quot;:&quot;&quot;,&quot;created_timestamp&quot;:&quot;1519331767&quot;,&quot;copyright&quot;:&quot;&quot;,&quot;focal_length&quot;:&quot;6.1&quot;,&quot;iso&quot;:&quot;100&quot;,&quot;shutter_speed&quot;:&quot;0.008&quot;,&quot;title&quot;:&quot;&quot;,&quot;orientation&quot;:&quot;1&quot;}\" data-image-title=\"IMG_6372\" data-image-description=\"\" data-image-caption=\"\" data-medium-file=\"https:\/\/i0.wp.com\/www.heikkigraphy.fi\/wp-content\/uploads\/2019\/04\/IMG_6372.jpg?fit=300%2C168&amp;ssl=1\" data-large-file=\"https:\/\/i0.wp.com\/www.heikkigraphy.fi\/wp-content\/uploads\/2019\/04\/IMG_6372.jpg?fit=945%2C531&amp;ssl=1\" src=\"https:\/\/i0.wp.com\/www.heikkigraphy.fi\/wp-content\/uploads\/2019\/04\/IMG_6372-1024x575.jpg?resize=945%2C531\" alt=\"\" class=\"wp-image-4163\" srcset=\"https:\/\/i0.wp.com\/www.heikkigraphy.fi\/wp-content\/uploads\/2019\/04\/IMG_6372.jpg?resize=1024%2C575&amp;ssl=1 1024w, https:\/\/i0.wp.com\/www.heikkigraphy.fi\/wp-content\/uploads\/2019\/04\/IMG_6372.jpg?resize=300%2C168&amp;ssl=1 300w, https:\/\/i0.wp.com\/www.heikkigraphy.fi\/wp-content\/uploads\/2019\/04\/IMG_6372.jpg?resize=768%2C431&amp;ssl=1 768w, https:\/\/i0.wp.com\/www.heikkigraphy.fi\/wp-content\/uploads\/2019\/04\/IMG_6372.jpg?resize=1612%2C905&amp;ssl=1 1612w, https:\/\/i0.wp.com\/www.heikkigraphy.fi\/wp-content\/uploads\/2019\/04\/IMG_6372.jpg?resize=1116%2C626&amp;ssl=1 1116w, https:\/\/i0.wp.com\/www.heikkigraphy.fi\/wp-content\/uploads\/2019\/04\/IMG_6372.jpg?resize=806%2C452&amp;ssl=1 806w, https:\/\/i0.wp.com\/www.heikkigraphy.fi\/wp-content\/uploads\/2019\/04\/IMG_6372.jpg?resize=558%2C313&amp;ssl=1 558w, https:\/\/i0.wp.com\/www.heikkigraphy.fi\/wp-content\/uploads\/2019\/04\/IMG_6372.jpg?resize=655%2C368&amp;ssl=1 655w, https:\/\/i0.wp.com\/www.heikkigraphy.fi\/wp-content\/uploads\/2019\/04\/IMG_6372.jpg?resize=820%2C460&amp;ssl=1 820w, https:\/\/i0.wp.com\/www.heikkigraphy.fi\/wp-content\/uploads\/2019\/04\/IMG_6372.jpg?w=1890&amp;ssl=1 1890w, https:\/\/i0.wp.com\/www.heikkigraphy.fi\/wp-content\/uploads\/2019\/04\/IMG_6372.jpg?w=2835&amp;ssl=1 2835w\" sizes=\"auto, (max-width: 945px) 100vw, 945px\" \/><\/figure>\n","protected":false},"excerpt":{"rendered":"<p>Moi! Olen Heikki Luoto. Olen toiminut p\u00e4\u00e4toimisena valokuvaajana vuodesta 2006. Paljon olen ehtinyt kokea valokuvauksen parissa, mutta enemm\u00e4n on viel\u00e4 kokematta. Rakastan valoa &#8211; rakastan varjoa. Haluan tehd\u00e4 sinulle loistavat kuvat. Vaikutan Helsingin alueella, mutta liikun joustavasti kaikkialle. Ota yhteytt\u00e4 ja pyyd\u00e4 tarjousta. 0405201267heikki@heikkigraphy.fi<\/p>\n","protected":false},"author":1,"featured_media":0,"parent":7,"menu_order":0,"comment_status":"closed","ping_status":"open","template":"","meta":{"jetpack_post_was_ever_published":false,"footnotes":""},"class_list":["post-2","page","type-page","status-publish","hentry"],"acf":[],"jetpack_sharing_enabled":true,"jetpack_shortlink":"https:\/\/wp.me\/PaBF79-2","_links":{"self":[{"href":"https:\/\/www.heikkigraphy.fi\/index.php?rest_route=\/wp\/v2\/pages\/2","targetHints":{"allow":["GET"]}}],"collection":[{"href":"https:\/\/www.heikkigraphy.fi\/index.php?rest_route=\/wp\/v2\/pages"}],"about":[{"href":"https:\/\/www.heikkigraphy.fi\/index.php?rest_route=\/wp\/v2\/types\/page"}],"author":[{"embeddable":true,"href":"https:\/\/www.heikkigraphy.fi\/index.php?rest_route=\/wp\/v2\/users\/1"}],"replies":[{"embeddable":true,"href":"https:\/\/www.heikkigraphy.fi\/index.php?rest_route=%2Fwp%2Fv2%2Fcomments&post=2"}],"version-history":[{"count":8,"href":"https:\/\/www.heikkigraphy.fi\/index.php?rest_route=\/wp\/v2\/pages\/2\/revisions"}],"predecessor-version":[{"id":4182,"href":"https:\/\/www.heikkigraphy.fi\/index.php?rest_route=\/wp\/v2\/pages\/2\/revisions\/4182"}],"up":[{"embeddable":true,"href":"https:\/\/www.heikkigraphy.fi\/index.php?rest_route=\/wp\/v2\/pages\/7"}],"wp:attachment":[{"href":"https:\/\/www.heikkigraphy.fi\/index.php?rest_route=%2Fwp%2Fv2%2Fmedia&parent=2"}],"curies":[{"name":"wp","href":"https:\/\/api.w.org\/{rel}","templated":true}]}}